{"id":8,"date":"2015-07-10T11:23:07","date_gmt":"2015-07-10T11:23:07","guid":{"rendered":"http:\/\/aecg.pt\/projetoilewa\/?page_id=8"},"modified":"2015-09-30T15:15:04","modified_gmt":"2015-09-30T15:15:04","slug":"parcerias","status":"publish","type":"page","link":"https:\/\/aecg.pt\/projetoilewa\/parcerias\/","title":{"rendered":"Parcerias"},"content":{"rendered":"<p>Apple (forma\u00e7\u00e3o docente)<\/p>\n<p>GMS &#8211; <em>Apple Premium Reseller<\/em> (equipamentos)<\/p>\n<p>AlmadaForma &#8211; Centro de Forma\u00e7\u00e3o (forma\u00e7\u00e3o docente)<\/p>\n<p>RBE &#8211; Rede de Bibliotecas escolares\u00a0 (forma\u00e7\u00e3o docente)<\/p>\n<p>EPIS &#8211; Empres\u00e1rios Portugueses para a Inclus\u00e3o Social\u00a0 (forma\u00e7\u00e3o docente)<\/p>\n<p>Uni\u00e3o das Freguesias Charneca de Caparica e Sobreda (financiamento);<\/p>\n<p>C\u00e2mara Municipal de Almada (financiamento e transportes);<\/p>\n<p>Instituto da Conserva\u00e7\u00e3o da Natureza (recursos).<\/p>\n<p><strong>Ao longo do projeto ser\u00e3o envolvidas outras institui\u00e7\u00f5es, nomeadamente no que respeita\u00a0 \u00e0 forma\u00e7\u00e3o docente.<\/strong><\/p>\n","protected":false},"excerpt":{"rendered":"<p>Apple (forma\u00e7\u00e3o docente) GMS &#8211; Apple Premium Reseller (equipamentos) AlmadaForma &#8211; Centro de Forma\u00e7\u00e3o (forma\u00e7\u00e3o docente) RBE &#8211; Rede de Bibliotecas escolares\u00a0 (forma\u00e7\u00e3o docente) EPIS &#8211; Empres\u00e1rios Portugueses para a Inclus\u00e3o Social\u00a0 (forma\u00e7\u00e3o docente) Uni\u00e3o das Freguesias Charneca de Caparica e Sobreda (financiamento); C\u00e2mara Municipal de Almada (financiamento e transportes); Instituto da Conserva\u00e7\u00e3o da Natureza [&hellip;]<\/p>\n","protected":false},"author":1,"featured_media":0,"parent":0,"menu_order":5,"comment_status":"open","ping_status":"closed","template":"","meta":{"footnotes":""},"class_list":["post-8","page","type-page","status-publish","hentry"],"_links":{"self":[{"href":"https:\/\/aecg.pt\/projetoilewa\/wp-json\/wp\/v2\/pages\/8","targetHints":{"allow":["GET"]}}],"collection":[{"href":"https:\/\/aecg.pt\/projetoilewa\/wp-json\/wp\/v2\/pages"}],"about":[{"href":"https:\/\/aecg.pt\/projetoilewa\/wp-json\/wp\/v2\/types\/page"}],"author":[{"embeddable":true,"href":"https:\/\/aecg.pt\/projetoilewa\/wp-json\/wp\/v2\/users\/1"}],"replies":[{"embeddable":true,"href":"https:\/\/aecg.pt\/projetoilewa\/wp-json\/wp\/v2\/comments?post=8"}],"version-history":[{"count":4,"href":"https:\/\/aecg.pt\/projetoilewa\/wp-json\/wp\/v2\/pages\/8\/revisions"}],"predecessor-version":[{"id":63,"href":"https:\/\/aecg.pt\/projetoilewa\/wp-json\/wp\/v2\/pages\/8\/revisions\/63"}],"wp:attachment":[{"href":"https:\/\/aecg.pt\/projetoilewa\/wp-json\/wp\/v2\/media?parent=8"}],"curies":[{"name":"wp","href":"https:\/\/api.w.org\/{rel}","templated":true}]}}