{"id":4,"date":"2015-07-10T11:22:16","date_gmt":"2015-07-10T11:22:16","guid":{"rendered":"http:\/\/aecg.pt\/projetoilewa\/?page_id=4"},"modified":"2015-09-30T12:35:55","modified_gmt":"2015-09-30T12:35:55","slug":"objetivos","status":"publish","type":"page","link":"https:\/\/aecg.pt\/projetoilewa\/objetivos\/","title":{"rendered":"Objetivos"},"content":{"rendered":"<p>O objetivo geral deste projeto \u00e9 o desenvolvimento de estrat\u00e9gias que contribuam para a melhoria das aprendizagens, atrav\u00e9s do est\u00edmulo, da qualidade do ensino e da motiva\u00e7\u00e3o dos alunos, com envolvimento de toda a comunidade escolar.<\/p>\n<p>O projeto prev\u00ea o desenvolvimento dos seguintes objetivos espec\u00edficos:<\/p>\n<ul>\n<li>Implementar um laborat\u00f3rio <em>Web<\/em>, isto \u00e9, permitir aos alunos criar, experimentar, brincar, jogar com as novas aplica\u00e7\u00f5es e tecnologias;<\/li>\n<li>Reduzir o insucesso nas \u00e1reas estruturantes de Portugu\u00eas e Matem\u00e1tica;<\/li>\n<li>Fomentar a criatividade; o esp\u00edrito cr\u00edtico, o trabalho colaborativo entre pares e diversos parceiros;<\/li>\n<li>Promover a transversalidade do conhecimento possibilitando uma articula\u00e7\u00e3o vertical e horizontal;<\/li>\n<li>Promover a literacia cient\u00edfica e a literacia digital no \u00e2mbito das ci\u00eancias humanas, exatas e experimentais;<\/li>\n<li>Elevar a qualidade educativa atrav\u00e9s da promo\u00e7\u00e3o de compet\u00eancias escolares, profissionais e pessoais;<\/li>\n<li>Promover parcerias e interc\u00e2mbios com outras escolas nacionais e internacionais com a finalidade de partilhar experi\u00eancias e implementar projetos conjuntos;<\/li>\n<li>Promover o uso das Tecnologias de Informa\u00e7\u00e3o e Comunica\u00e7\u00e3o em contexto curricular ;<\/li>\n<li>Fidelizar leitores competentes em diferentes suportes;<\/li>\n<li>Produ\u00e7\u00e3o de conte\u00fados digitais e constru\u00e7\u00e3o de <em>e-books<\/em>;<\/li>\n<li>Refor\u00e7ar a taxa de qualidade do sucesso, durante a vig\u00eancia do projeto;<\/li>\n<li>Reduzir a taxa global de insucesso, por ciclo.<\/li>\n<\/ul>\n<p>Esta iniciativa desenvolver-se-\u00e1 em torno de diferentes atividades.<\/p>\n","protected":false},"excerpt":{"rendered":"<p>O objetivo geral deste projeto \u00e9 o desenvolvimento de estrat\u00e9gias que contribuam para a melhoria das aprendizagens, atrav\u00e9s do est\u00edmulo, da qualidade do ensino e da motiva\u00e7\u00e3o dos alunos, com envolvimento de toda a comunidade escolar. O projeto prev\u00ea o desenvolvimento dos seguintes objetivos espec\u00edficos: Implementar um laborat\u00f3rio Web, isto \u00e9, permitir aos alunos criar, [&hellip;]<\/p>\n","protected":false},"author":1,"featured_media":0,"parent":0,"menu_order":1,"comment_status":"open","ping_status":"closed","template":"","meta":{"footnotes":""},"class_list":["post-4","page","type-page","status-publish","hentry"],"_links":{"self":[{"href":"https:\/\/aecg.pt\/projetoilewa\/wp-json\/wp\/v2\/pages\/4","targetHints":{"allow":["GET"]}}],"collection":[{"href":"https:\/\/aecg.pt\/projetoilewa\/wp-json\/wp\/v2\/pages"}],"about":[{"href":"https:\/\/aecg.pt\/projetoilewa\/wp-json\/wp\/v2\/types\/page"}],"author":[{"embeddable":true,"href":"https:\/\/aecg.pt\/projetoilewa\/wp-json\/wp\/v2\/users\/1"}],"replies":[{"embeddable":true,"href":"https:\/\/aecg.pt\/projetoilewa\/wp-json\/wp\/v2\/comments?post=4"}],"version-history":[{"count":5,"href":"https:\/\/aecg.pt\/projetoilewa\/wp-json\/wp\/v2\/pages\/4\/revisions"}],"predecessor-version":[{"id":60,"href":"https:\/\/aecg.pt\/projetoilewa\/wp-json\/wp\/v2\/pages\/4\/revisions\/60"}],"wp:attachment":[{"href":"https:\/\/aecg.pt\/projetoilewa\/wp-json\/wp\/v2\/media?parent=4"}],"curies":[{"name":"wp","href":"https:\/\/api.w.org\/{rel}","templated":true}]}}