{"id":8,"date":"2016-09-18T12:58:59","date_gmt":"2016-09-18T12:58:59","guid":{"rendered":"http:\/\/aecg.pt\/portugues\/?page_id=8"},"modified":"2017-04-21T07:22:41","modified_gmt":"2017-04-21T06:22:41","slug":"escrita","status":"publish","type":"page","link":"https:\/\/aecg.pt\/portugues\/escrita\/","title":{"rendered":"Escrita"},"content":{"rendered":"<p style=\"text-align: left;\"><strong><a href=\"http:\/\/aecg.pt\/portugues\/category\/escrita\/\" target=\"_blank\" rel=\"noopener noreferrer\"><img loading=\"lazy\" decoding=\"async\" class=\"alignright wp-image-120\" src=\"http:\/\/aecg.pt\/portugues\/wp-content\/uploads\/2016\/09\/arquivo.png\" alt=\"arquivo\" width=\"103\" height=\"94\" \/><\/a><br \/>\n<strong>7.\u00ba ano<\/strong><br \/>\nMetas Curriculares de Portugu\u00eas &#8211; Dom\u00ednio<strong> Escrita:<\/strong><\/strong><\/p>\n<p><strong>\u00a0<\/strong><a href=\"https:\/\/aecg.pt\/portugues\/wp-content\/uploads\/2016\/09\/Metas-curriculares-7.\u00ba-ano-ESCRITA.pdf\" class=\"pdfemb-viewer\" style=\"\" data-width=\"max\" data-height=\"max\" data-toolbar=\"bottom\" data-toolbar-fixed=\"off\">metas-curriculares-7-o-ano-escrita<\/a><\/p>\n<hr \/>\n<p>[<span style=\"color: #ff6600;\">NOVO<\/span>] <a href=\"http:\/\/profteresa.net\/aprenderportugues\/wp-content\/uploads\/2014\/01\/DIAL7_relatorio.pdf\" target=\"_blank\" rel=\"noopener noreferrer\">Modelo de Relat\u00f3rio<\/a> (Porto Editora).<\/p>\n<hr \/>\n<ul>\n<li>Como tirar Notas &#8211; algumas sugest\u00f5es <a href=\"https:\/\/docs.google.com\/document\/d\/15I-cigI9jyIn5YRNI55NpYrPlC_8mNdHWUm29De9WRY\/edit?usp=sharing\" target=\"_blank\" rel=\"noopener noreferrer\">(ver documento<\/a>)<\/li>\n<\/ul>\n<hr \/>\n<p><span style=\"color: #993300;\"><strong>Tipologias textuais <\/strong>(fichas informativas):<\/span><\/p>\n<p style=\"text-align: right;\">NB: alguns destes materiais s\u00e3o anteriores ao AO de 1990.<\/p>\n<ul>\n<li><a href=\"http:\/\/profteresa.net\/Biografia.pdf\" target=\"_blank\" rel=\"noopener noreferrer\">Biografia<\/a>;<\/li>\n<li><a href=\"http:\/\/profteresa.net\/oficinaescrita\/Of_Escrita_Ficha6_resumo.pdf\" target=\"_blank\" rel=\"noopener noreferrer\">Resumo<\/a>;<\/li>\n<li><a href=\"http:\/\/profteresa.net\/acet_resumo.pdf\" target=\"_blank\" rel=\"noopener noreferrer\"> Saber fazer um resumo<\/a>;<\/li>\n<li><a href=\"http:\/\/profteresa.net\/carta%20informal.pdf\" target=\"_blank\" rel=\"noopener noreferrer\">Carta (pessoal ou informal)<\/a>;<\/li>\n<li><a href=\"http:\/\/profteresa.net\/aprenderportugues\/wp-content\/uploads\/2013\/09\/ftec_carta.pdf\" target=\"_blank\" rel=\"noopener noreferrer\">Carta (lista de verifica\u00e7\u00e3o)<\/a>;<\/li>\n<li><a href=\"http:\/\/profteresa.net\/carta_reclam.pdf\" target=\"_blank\" rel=\"noopener noreferrer\">Carta de reclama\u00e7\u00e3o 1<\/a>;<\/li>\n<li><a href=\"http:\/\/profteresa.net\/oficinaescrita\/Of_Escrita_Ficha11_cartareclam.pdf\" target=\"_blank\" rel=\"noopener noreferrer\">Carta de Reclama\u00e7\u00e3o 2<\/a>;<\/li>\n<li><a href=\"http:\/\/profteresa.net\/oficinaescrita\/Of_Escrita_Ficha18_info_expo.pdf\" target=\"_blank\" rel=\"noopener noreferrer\">Construir um texto informativo\/expositivo a partir de um mapa de ideias<\/a>;<\/li>\n<li><a href=\"http:\/\/profteresa.net\/oficinaescrita\/Of_Escrita_Ficha3_dialogo.pdf\" target=\"_blank\" rel=\"noopener noreferrer\">Di\u00e1logo<\/a>;<\/li>\n<li><a href=\"profteresa.net\/aprenderportugues\/wp-content\/uploads\/2014\/11\/Finfo_relato_diario.pdf\" target=\"_blank\" rel=\"noopener noreferrer\">Di\u00e1rio<\/a>;<\/li>\n<li><a href=\"http:\/\/profteresa.net\/oficinaescrita\/Of_Escrita_Ficha8_entrevista.pdf\" target=\"_blank\" rel=\"noopener noreferrer\">(Gui\u00e3o de) Entrevista<\/a><a href=\"http:\/\/profteresa.net\/oficinaescrita\/Of_Escrita_Ficha7_noticia.pdf\" target=\"_blank\" rel=\"noopener noreferrer\">;<\/a><\/li>\n<li><a href=\"http:\/\/profteresa.net\/avalprodescrita.pdf\" target=\"_blank\" rel=\"noopener noreferrer\">Gui\u00e3o completo de verifica\u00e7\u00e3o da produ\u00e7\u00e3o escrita;<\/a><\/li>\n<li><a href=\"http:\/\/profteresa.net\/oficinaescrita\/Of_Escrita_Ficha7_noticia.pdf\" target=\"_blank\" rel=\"noopener noreferrer\">Not\u00edcia<\/a>;<\/li>\n<li><a href=\"http:\/\/profteresa.net\/oficinaescrita\/Of_Escrita_Ficha10_regulamento.pdf\" target=\"_blank\" rel=\"noopener noreferrer\">Regulamento<\/a>;<\/li>\n<li><a href=\"https:\/\/docs.google.com\/document\/d\/1YvWRKq4d7gK1QPMAM1XMrz4lQVZPsvzGFSMbj9PDCkU\/edit?usp=sharing\">Relat\u00f3rio de Visita de Estudo.<\/a><\/li>\n<li><a href=\"http:\/\/profteresa.net\/oficinaescrita\/Of_Escrita_Ficha4_retrato.pdf\" target=\"_blank\" rel=\"noopener noreferrer\">Retrato<\/a>;<\/li>\n<li><a href=\"http:\/\/profteresa.net\/oficinaescrita\/Of_Escrita_Ficha1_biobibliografia.pdf\" target=\"_blank\" rel=\"noopener noreferrer\">Diferen\u00e7as entre Autobiografia, Biografia e Bibliografia<\/a>;<\/li>\n<li><a href=\"profteresa.net\/aprenderportugues\/wp-content\/uploads\/2014\/11\/ficha_info_arg.pdf\" target=\"_blank\" rel=\"noopener noreferrer\">Texto argumentativo (de opini\u00e3o)<\/a>;<\/li>\n<li><a href=\"http:\/\/profteresa.net\/aprenderportugues\/wp-content\/uploads\/2014\/11\/acet_txt_opiniao.pdf\" target=\"_blank\" rel=\"noopener noreferrer\">Texto de opini\u00e3o<\/a>;<\/li>\n<li><a href=\"http:\/\/profteresa.net\/oficinaescrita\/Of_Escrita_Ficha5_txtdescritivo.pdf\" target=\"_blank\" rel=\"noopener noreferrer\">Texto descritivo<\/a>;<\/li>\n<li><a href=\"http:\/\/profteresa.net\/oficinaescrita\/Of_Escrita_Ficha9_txtexpositivo.pdf\" target=\"_blank\" rel=\"noopener noreferrer\">Texto expositivo<\/a>;<\/li>\n<li><a href=\"http:\/\/profteresa.net\/oficinaescrita\/Of_Escrita_Ficha2_txtnarrativo.pdf\" target=\"_blank\" rel=\"noopener noreferrer\">Texto narrativo<\/a>;<\/li>\n<\/ul>\n","protected":false},"excerpt":{"rendered":"<p>7.\u00ba ano Metas Curriculares de Portugu\u00eas &#8211; Dom\u00ednio Escrita: \u00a0 [NOVO] Modelo de Relat\u00f3rio (Porto Editora). Como tirar Notas &#8211; algumas sugest\u00f5es (ver documento) Tipologias textuais (fichas informativas): NB: alguns destes materiais s\u00e3o anteriores ao AO de 1990. Biografia; Resumo; Saber fazer um resumo; Carta (pessoal ou informal); Carta (lista de verifica\u00e7\u00e3o); Carta de reclama\u00e7\u00e3o [&hellip;]<\/p>\n","protected":false},"author":1,"featured_media":0,"parent":0,"menu_order":3,"comment_status":"closed","ping_status":"closed","template":"","meta":{"episode_type":"","audio_file":"","podmotor_file_id":"","podmotor_episode_id":"","cover_image":"","cover_image_id":"","duration":"","filesize":"","filesize_raw":"","date_recorded":"","explicit":"","block":"","itunes_episode_number":"","itunes_title":"","itunes_season_number":"","itunes_episode_type":"","jetpack_post_was_ever_published":false,"footnotes":""},"class_list":["post-8","page","type-page","status-publish","hentry"],"jetpack_sharing_enabled":true,"jetpack_shortlink":"https:\/\/wp.me\/P7UXtX-8","_links":{"self":[{"href":"https:\/\/aecg.pt\/portugues\/wp-json\/wp\/v2\/pages\/8","targetHints":{"allow":["GET"]}}],"collection":[{"href":"https:\/\/aecg.pt\/portugues\/wp-json\/wp\/v2\/pages"}],"about":[{"href":"https:\/\/aecg.pt\/portugues\/wp-json\/wp\/v2\/types\/page"}],"author":[{"embeddable":true,"href":"https:\/\/aecg.pt\/portugues\/wp-json\/wp\/v2\/users\/1"}],"replies":[{"embeddable":true,"href":"https:\/\/aecg.pt\/portugues\/wp-json\/wp\/v2\/comments?post=8"}],"version-history":[{"count":6,"href":"https:\/\/aecg.pt\/portugues\/wp-json\/wp\/v2\/pages\/8\/revisions"}],"predecessor-version":[{"id":318,"href":"https:\/\/aecg.pt\/portugues\/wp-json\/wp\/v2\/pages\/8\/revisions\/318"}],"wp:attachment":[{"href":"https:\/\/aecg.pt\/portugues\/wp-json\/wp\/v2\/media?parent=8"}],"curies":[{"name":"wp","href":"https:\/\/api.w.org\/{rel}","templated":true}]}}