{"id":6,"date":"2016-09-18T12:58:16","date_gmt":"2016-09-18T12:58:16","guid":{"rendered":"http:\/\/aecg.pt\/portugues\/?page_id=6"},"modified":"2016-10-04T18:26:39","modified_gmt":"2016-10-04T17:26:39","slug":"educacao-literaria","status":"publish","type":"page","link":"https:\/\/aecg.pt\/portugues\/educacao-literaria\/","title":{"rendered":"Educa\u00e7\u00e3o Liter\u00e1ria"},"content":{"rendered":"<p style=\"text-align: left;\"><strong><a href=\"http:\/\/aecg.pt\/portugues\/category\/educacao-literaria\/\" target=\"_blank\"><img loading=\"lazy\" decoding=\"async\" class=\"alignright  wp-image-120\" src=\"http:\/\/aecg.pt\/portugues\/wp-content\/uploads\/2016\/09\/arquivo.png\" alt=\"arquivo\" width=\"103\" height=\"94\" \/><\/a><br \/>\n7.\u00ba ano<\/strong><br \/>\nMetas Curriculares de Portugu\u00eas &#8211; Dom\u00ednio<strong> Educa\u00e7\u00e3o liter\u00e1ria:<br \/>\n<\/strong><\/p>\n<p><a href=\"https:\/\/aecg.pt\/portugues\/wp-content\/uploads\/2016\/09\/Metas-curriculares-7.\u00ba-ano-EDUCA\u00c7\u00c3O-LITER\u00c1RIA.pdf\" class=\"pdfemb-viewer\" style=\"\" data-width=\"max\" data-height=\"max\" data-toolbar=\"bottom\" data-toolbar-fixed=\"off\">metas-curriculares-7-o-ano-educacao-literaria<\/a><strong><br \/>\n<\/strong><\/p>\n","protected":false},"excerpt":{"rendered":"<p>7.\u00ba ano Metas Curriculares de Portugu\u00eas &#8211; Dom\u00ednio Educa\u00e7\u00e3o liter\u00e1ria:<\/p>\n","protected":false},"author":1,"featured_media":0,"parent":0,"menu_order":2,"comment_status":"closed","ping_status":"closed","template":"","meta":{"episode_type":"","audio_file":"","podmotor_file_id":"","podmotor_episode_id":"","cover_image":"","cover_image_id":"","duration":"","filesize":"","filesize_raw":"","date_recorded":"","explicit":"","block":"","itunes_episode_number":"","itunes_title":"","itunes_season_number":"","itunes_episode_type":"","jetpack_post_was_ever_published":false,"footnotes":""},"class_list":["post-6","page","type-page","status-publish","hentry"],"jetpack_sharing_enabled":true,"jetpack_shortlink":"https:\/\/wp.me\/P7UXtX-6","_links":{"self":[{"href":"https:\/\/aecg.pt\/portugues\/wp-json\/wp\/v2\/pages\/6","targetHints":{"allow":["GET"]}}],"collection":[{"href":"https:\/\/aecg.pt\/portugues\/wp-json\/wp\/v2\/pages"}],"about":[{"href":"https:\/\/aecg.pt\/portugues\/wp-json\/wp\/v2\/types\/page"}],"author":[{"embeddable":true,"href":"https:\/\/aecg.pt\/portugues\/wp-json\/wp\/v2\/users\/1"}],"replies":[{"embeddable":true,"href":"https:\/\/aecg.pt\/portugues\/wp-json\/wp\/v2\/comments?post=6"}],"version-history":[{"count":4,"href":"https:\/\/aecg.pt\/portugues\/wp-json\/wp\/v2\/pages\/6\/revisions"}],"predecessor-version":[{"id":121,"href":"https:\/\/aecg.pt\/portugues\/wp-json\/wp\/v2\/pages\/6\/revisions\/121"}],"wp:attachment":[{"href":"https:\/\/aecg.pt\/portugues\/wp-json\/wp\/v2\/media?parent=6"}],"curies":[{"name":"wp","href":"https:\/\/api.w.org\/{rel}","templated":true}]}}