{"id":316,"date":"2017-04-20T23:17:18","date_gmt":"2017-04-20T22:17:18","guid":{"rendered":"http:\/\/aecg.pt\/portugues\/?page_id=316"},"modified":"2017-04-20T23:17:18","modified_gmt":"2017-04-20T22:17:18","slug":"webquests","status":"publish","type":"page","link":"https:\/\/aecg.pt\/portugues\/webquests\/","title":{"rendered":"Webquests"},"content":{"rendered":"<p><strong>7.\u00ba ano (2016\/2017)<\/strong><\/p>\n<p>&#8220;Hist\u00f3ria de uma gaivota e do gato que a ensinou a voar&#8221;, Lu\u00eds Sep\u00falveda.<br \/>\n<a href=\"http:\/\/profteresa.net\/webquests\/gaivota\/\" target=\"_blank\" rel=\"noopener noreferrer\"><img loading=\"lazy\" decoding=\"async\" class=\"aligncenter size-large wp-image-404\" src=\"http:\/\/profteresa.net\/aprenderportugues\/wp-content\/uploads\/2014\/02\/webquest-1024x909.jpg\" alt=\"webquest\" width=\"625\" height=\"554\" \/><\/a><\/p>\n","protected":false},"excerpt":{"rendered":"<p>7.\u00ba ano (2016\/2017) &#8220;Hist\u00f3ria de uma gaivota e do gato que a ensinou a voar&#8221;, Lu\u00eds Sep\u00falveda.<\/p>\n","protected":false},"author":1,"featured_media":0,"parent":0,"menu_order":6,"comment_status":"closed","ping_status":"closed","template":"","meta":{"episode_type":"","audio_file":"","podmotor_file_id":"","podmotor_episode_id":"","cover_image":"","cover_image_id":"","duration":"","filesize":"","filesize_raw":"","date_recorded":"","explicit":"","block":"","itunes_episode_number":"","itunes_title":"","itunes_season_number":"","itunes_episode_type":"","jetpack_post_was_ever_published":false,"footnotes":""},"class_list":["post-316","page","type-page","status-publish","hentry"],"jetpack_sharing_enabled":true,"jetpack_shortlink":"https:\/\/wp.me\/P7UXtX-56","_links":{"self":[{"href":"https:\/\/aecg.pt\/portugues\/wp-json\/wp\/v2\/pages\/316","targetHints":{"allow":["GET"]}}],"collection":[{"href":"https:\/\/aecg.pt\/portugues\/wp-json\/wp\/v2\/pages"}],"about":[{"href":"https:\/\/aecg.pt\/portugues\/wp-json\/wp\/v2\/types\/page"}],"author":[{"embeddable":true,"href":"https:\/\/aecg.pt\/portugues\/wp-json\/wp\/v2\/users\/1"}],"replies":[{"embeddable":true,"href":"https:\/\/aecg.pt\/portugues\/wp-json\/wp\/v2\/comments?post=316"}],"version-history":[{"count":1,"href":"https:\/\/aecg.pt\/portugues\/wp-json\/wp\/v2\/pages\/316\/revisions"}],"predecessor-version":[{"id":317,"href":"https:\/\/aecg.pt\/portugues\/wp-json\/wp\/v2\/pages\/316\/revisions\/317"}],"wp:attachment":[{"href":"https:\/\/aecg.pt\/portugues\/wp-json\/wp\/v2\/media?parent=316"}],"curies":[{"name":"wp","href":"https:\/\/api.w.org\/{rel}","templated":true}]}}