{"id":13,"date":"2016-09-18T13:01:32","date_gmt":"2016-09-18T13:01:32","guid":{"rendered":"http:\/\/aecg.pt\/portugues\/?page_id=13"},"modified":"2016-10-04T18:31:34","modified_gmt":"2016-10-04T17:31:34","slug":"gramatica","status":"publish","type":"page","link":"https:\/\/aecg.pt\/portugues\/gramatica\/","title":{"rendered":"Gram\u00e1tica"},"content":{"rendered":"<p style=\"text-align: left;\"><strong><a href=\"http:\/\/aecg.pt\/portugues\/category\/gramatica\/\" target=\"_blank\"><img loading=\"lazy\" decoding=\"async\" class=\"alignright wp-image-120\" src=\"http:\/\/aecg.pt\/portugues\/wp-content\/uploads\/2016\/09\/arquivo.png\" alt=\"arquivo\" width=\"103\" height=\"94\" \/><\/a><br \/>\n<strong>7.\u00ba ano<\/strong><br \/>\nMetas Curriculares de Portugu\u00eas &#8211; dom\u00ednio<strong> Gram\u00e1tica:<\/strong><\/p>\n<a href=\"https:\/\/aecg.pt\/portugues\/wp-content\/uploads\/2016\/09\/Metas-curriculares-7.\u00ba-ano-GRAM\u00c1TICA.pdf\" class=\"pdfemb-viewer\" style=\"\" data-width=\"max\" data-height=\"max\" data-toolbar=\"bottom\" data-toolbar-fixed=\"off\">metas-curriculares-7-o-ano-gramatica<\/a>\n","protected":false},"excerpt":{"rendered":"<p>7.\u00ba ano Metas Curriculares de Portugu\u00eas &#8211; dom\u00ednio Gram\u00e1tica:<\/p>\n","protected":false},"author":1,"featured_media":0,"parent":0,"menu_order":5,"comment_status":"closed","ping_status":"closed","template":"","meta":{"episode_type":"","audio_file":"","podmotor_file_id":"","podmotor_episode_id":"","cover_image":"","cover_image_id":"","duration":"","filesize":"","filesize_raw":"","date_recorded":"","explicit":"","block":"","itunes_episode_number":"","itunes_title":"","itunes_season_number":"","itunes_episode_type":"","jetpack_post_was_ever_published":false,"footnotes":""},"class_list":["post-13","page","type-page","status-publish","hentry"],"jetpack_sharing_enabled":true,"jetpack_shortlink":"https:\/\/wp.me\/P7UXtX-d","_links":{"self":[{"href":"https:\/\/aecg.pt\/portugues\/wp-json\/wp\/v2\/pages\/13","targetHints":{"allow":["GET"]}}],"collection":[{"href":"https:\/\/aecg.pt\/portugues\/wp-json\/wp\/v2\/pages"}],"about":[{"href":"https:\/\/aecg.pt\/portugues\/wp-json\/wp\/v2\/types\/page"}],"author":[{"embeddable":true,"href":"https:\/\/aecg.pt\/portugues\/wp-json\/wp\/v2\/users\/1"}],"replies":[{"embeddable":true,"href":"https:\/\/aecg.pt\/portugues\/wp-json\/wp\/v2\/comments?post=13"}],"version-history":[{"count":4,"href":"https:\/\/aecg.pt\/portugues\/wp-json\/wp\/v2\/pages\/13\/revisions"}],"predecessor-version":[{"id":125,"href":"https:\/\/aecg.pt\/portugues\/wp-json\/wp\/v2\/pages\/13\/revisions\/125"}],"wp:attachment":[{"href":"https:\/\/aecg.pt\/portugues\/wp-json\/wp\/v2\/media?parent=13"}],"curies":[{"name":"wp","href":"https:\/\/api.w.org\/{rel}","templated":true}]}}