{"id":986,"date":"2025-09-11T18:01:08","date_gmt":"2025-09-11T18:01:08","guid":{"rendered":"https:\/\/aecg.pt\/led\/?page_id=986"},"modified":"2025-09-11T19:06:40","modified_gmt":"2025-09-11T19:06:40","slug":"cenarios-de-aprendizagem-2","status":"publish","type":"page","link":"https:\/\/aecg.pt\/led\/cenarios-de-aprendizagem-2\/","title":{"rendered":"Cen\u00e1rios de aprendizagem (2)"},"content":{"rendered":"\n\n\n\n\n\n\n\n\n<p><strong style=\"color: rgb(255, 255, 255); font-size: small;\">FICHA PEDAG\u00d3GICA<\/strong><\/p>\n<p><a href=\"https:\/\/aecg.pt\/led\/wp-content\/uploads\/2025\/09\/3_A_Celula.pdf\">&nbsp;<span style=\"background-color: rgb(255, 255, 255); font-weight: 700; color: rgb(0, 102, 204);\">T\u00cdTULO: A C\u00e9lula<\/span><\/a><\/p>\n\n\n\n\n<p><strong style=\"color: rgb(255, 255, 255); font-size: small;\">FICHA PEDAG\u00d3GICA<\/strong><\/p>\n<p>&nbsp;<a href=\"https:\/\/aecg.pt\/led\/wp-content\/uploads\/2025\/09\/3_Anel_Nautico.pdf\" target=\"_blank\" rel=\"noreferrer noopener\" style=\"background-color: rgb(255, 255, 255);\"><span style=\"font-weight: 700; color: rgb(0, 102, 204);\">T\u00cdTULO: Anel N\u00e1utico<\/span><\/a><\/p>\n\n\n\n\n\n\n\n\n<p class=\"has-small-font-size\" style=\"font-size: 13px !important;\"><a href=\"https:\/\/aecg.pt\/led\/wp-content\/uploads\/2025\/09\/2_Adicao_Fracoes_Com_Mathigon.pdf\" target=\"_blank\" rel=\"noreferrer noopener\"><span style=\"font-weight: 700;\"><\/span><\/a><\/p><p class=\"has-small-font-size\" style=\"font-size: small;\"><strong>BREVE DESCRI\u00c7\u00c3O:<\/strong>&nbsp;Recorrendo a observa\u00e7\u00f5es microsc\u00f3picas e \u00e0 impress\u00e3o 3D, pretende-se que os alunos respondam ao desafio: \u201cAs c\u00e9lulas s\u00e3o todas iguais?\u201d<\/p><p class=\"has-small-font-size\" style=\"font-size: 13px !important;\">Os alunos distinguem c\u00e9lulas eucari\u00f3ticas e procari\u00f3ticas identificando os principais constituintes celulares.<\/p>\n<p style=\"font-size: small;\"><strong>DISCIPLINA(S):<\/strong>&nbsp;Ci\u00eancias Naturais e\/ou interdisciplinar (TIC)<\/p>\n<p style=\"font-size: small;\"><strong>ANO DE ESCOLARIDADE:<\/strong> 8.\u00ba ano<\/p>\n<p style=\"font-size: small;\"><strong>DURA\u00c7\u00c3O:<\/strong>&nbsp;7 aulas de 50 minutos (Ci\u00eancias Naturais) + 1 aula de 50 minutos (TIC)<\/p>\n<p style=\"font-size: small;\"><span style=\"font-size: 13px !important;\"><span style=\"font-weight: 700;\">AUTORE(S)<\/span>:&nbsp;<\/span>Dire\u00e7\u00e3o-Geral da Educa\u00e7\u00e3o\/Equipa de Recursos e Tecnologias Educativas\/Embaixadores dos Laborat\u00f3rios de Aprendizagem<\/p>\n\n\n\n\n<p class=\"has-small-font-size\" style=\"font-size: 13px !important;\"><a href=\"https:\/\/aecg.pt\/led\/wp-content\/uploads\/2025\/09\/2_Adicao_Fracoes_Com_Mathigon.pdf\" target=\"_blank\" rel=\"noreferrer noopener\"><span style=\"font-weight: 700;\"><\/span><\/a><\/p><p class=\"has-small-font-size\" style=\"\"><strong style=\"font-size: small;\">BREVE DESCRI\u00c7\u00c3O:<\/strong><span style=\"font-size: small;\">&nbsp;<\/span>Pretende-se que os alunos construam um anel n\u00e1utico e que reconhe\u00e7am a sua utilidade na medi\u00e7\u00e3o da amplitude de \u00e2ngulos para obter a altura do Sol.<\/p><p class=\"has-small-font-size\" style=\"\">Os alunos trabalham o \u00e2ngulo ao centro e o \u00e2ngulo inscrito numa circunfer\u00eancia, compreendendo a sua aplica\u00e7\u00e3o em problemas do mundo real, nomeadamente, no funcionamento do anel n\u00e1utico, criado pelo Matem\u00e1tico Pedro Nunes para a navega\u00e7\u00e3o astron\u00f3mica.<\/p>\n<p style=\"font-size: small;\"><strong>DISCIPLINA(S):<\/strong> Matem\u00e1tica<\/p>\n<p style=\"font-size: small;\"><strong>ANO DE ESCOLARIDADE:<\/strong> 9.\u00ba ano<\/p>\n<p style=\"font-size: small;\"><strong>DURA\u00c7\u00c3O:<\/strong> 4 aulas de 50 minutos (Matem\u00e1tica) + Trabalho fora da sala de aula: 50 minutos<\/p>\n<p style=\"font-size: small;\"><span style=\"font-size: 13px !important;\"><span style=\"font-weight: 700;\">AUTORE(S)<\/span>:&nbsp;<\/span>Dire\u00e7\u00e3o-Geral da Educa\u00e7\u00e3o\/Equipa de Recursos e Tecnologias Educativas\/Embaixadores dos Laborat\u00f3rios de Aprendizagem<\/p>\n\n\n\n\n\n\n\n\n\n\n\n\n<p><strong style=\"color: rgb(255, 255, 255); font-size: small;\">FICHA PEDAG\u00d3GICA<\/strong><\/p>\n<strong style=\"color: rgb(0, 102, 204);\">&nbsp;<a href=\"https:\/\/aecg.pt\/led\/wp-content\/uploads\/2025\/09\/3_Calculo_Areas_Volumes.pdf\" target=\"_blank\" rel=\"noreferrer noopener\" style=\"background-color: rgb(255, 255, 255);\"><span style=\"color: rgb(0, 102, 204);\">T\u00cdTULO: C\u00e1lculo de \u00c1reas e Volumes<\/strong>\n\n\n\n\n<p><strong style=\"color: rgb(255, 255, 255); font-size: small;\">FICHA PEDAG\u00d3GICA<\/strong><\/p>\n<p>&nbsp;<a href=\"https:\/\/aecg.pt\/led\/wp-content\/uploads\/2025\/09\/3_Camara_Luzes_Acao.pdf\" target=\"_blank\" rel=\"noreferrer noopener\" style=\"background-color: rgb(255, 255, 255);\"><span style=\"font-weight: 700; color: rgb(0, 102, 204);\">T\u00cdTULO: C\u00e2mara, luzes e a\u00e7\u00e3o<\/span><\/a><\/p>\n\n\n\n\n\n\n\n\n<p class=\"has-small-font-size\" style=\"font-size: 13px !important;\"><a href=\"https:\/\/aecg.pt\/led\/wp-content\/uploads\/2025\/09\/2_Adicao_Fracoes_Com_Mathigon.pdf\" target=\"_blank\" rel=\"noreferrer noopener\"><span style=\"font-weight: 700;\"><\/span><\/a><\/p><p class=\"has-small-font-size\" style=\"\"><span style=\"font-size: small; font-weight: 700;\">BREVE DESCRI\u00c7\u00c3O:<\/span><font size=\"2\">&nbsp;<\/font>Os alunos criam s\u00f3lidos geom\u00e9tricos, atrav\u00e9s de um programa de geometria din\u00e2mica, e com base nos modelos impressos em 3D, reconhecem o significado de f\u00f3rmulas para o c\u00e1lculo de \u00e1reas da superf\u00edcie e de volumes de s\u00f3lidos.<\/p>\n<p style=\"font-size: small;\"><span style=\"font-weight: 700;\">DISCIPLINA(S):<\/span>&nbsp;Matem\u00e1tica e TIC<\/p>\n<p style=\"font-size: small;\"><span style=\"font-weight: 700;\">ANO DE ESCOLARIDADE:<\/span>&nbsp;8.\u00ba Ano \/ 9.\u00ba Ano<\/p>\n<p style=\"font-size: small;\"><span style=\"font-weight: 700;\">DURA\u00c7\u00c3O:<\/span>&nbsp;3 aulas de 50 minutos (Matem\u00e1tica) + 1 aula de 50 minutos (TIC)<\/p>\n<p style=\"font-size: small;\"><span style=\"font-weight: 700;\">AUTORE(S)<\/span>: Dire\u00e7\u00e3o-Geral da Educa\u00e7\u00e3o\/Equipa de Recursos e Tecnologias Educativas\/Embaixadores dos Laborat\u00f3rios de Aprendizagem<\/p>\n\n\n\n\n<p class=\"has-small-font-size\" style=\"font-size: 13px !important;\"><a href=\"https:\/\/aecg.pt\/led\/wp-content\/uploads\/2025\/09\/2_Adicao_Fracoes_Com_Mathigon.pdf\" target=\"_blank\" rel=\"noreferrer noopener\"><span style=\"font-weight: 700;\"><\/span><\/a><\/p><p class=\"has-small-font-size\" style=\"font-size: small;\"><strong>BREVE DESCRI\u00c7\u00c3O:<\/strong> Pretende-se que os alunos procedam \u00e0 captura de imagens, \u00e1udios e v\u00eddeos com vista \u00e0 cria\u00e7\u00e3o\/edi\u00e7\u00e3o de um projeto de v\u00eddeo, com base num gui\u00e3o, tendo presente as v\u00e1rias licen\u00e7as que permitem a utiliza\u00e7\u00e3o respons\u00e1vel de uma obra protegida por direitos de autor.<\/p>\n<p style=\"font-size: small;\"><strong>DISCIPLINA(S):<\/strong> Portugu\u00eas + TIC<\/p>\n<p style=\"font-size: small;\"><span style=\"font-weight: 700;\">ANO DE ESCOLARIDADE<\/span>: 7.\u00ba Ano<\/p>\n<p style=\"font-size: small;\"><strong>DURA\u00c7\u00c3O<\/strong>: 5 aulas de 50 minutos (Portugu\u00eas) + 2 aulas de 50 minutos (TIC).<\/p>\n<p style=\"font-size: small;\"><span style=\"font-weight: 700;\">AUTORE(S)<\/span>: Dire\u00e7\u00e3o-Geral da Educa\u00e7\u00e3o\/Equipa de Recursos e Tecnologias Educativas\/Embaixadores dos Laborat\u00f3rios de Aprendizagem<\/p>\n\n\n\n\n\n\n\n\n\n\n\n\n<p><strong style=\"color: rgb(255, 255, 255); font-size: small;\">FICHA PEDAG\u00d3GICA<\/strong><\/p>\n<p style=\"color: rgb(0, 0, 0);\">&nbsp;<a href=\"https:\/\/aecg.pt\/led\/wp-content\/uploads\/2025\/09\/3_Dancar_com_o_Robo.pdf\" target=\"_blank\" rel=\"noreferrer noopener\" style=\"background-color: rgb(255, 255, 255);\"><span style=\"font-weight: 700; color: rgb(0, 102, 204);\">T\u00cdTULO: Dan\u00e7ar com o rob\u00f4<\/span><\/a><\/p>\n\n\n\n\n<p><strong style=\"color: rgb(255, 255, 255); font-size: small;\">FICHA PEDAG\u00d3GICA<\/strong><\/p>\n<p><span style=\"font-weight: 700; background-color: rgb(255, 255, 255);\">&nbsp;<a href=\"https:\/\/aecg.pt\/led\/wp-content\/uploads\/2025\/09\/3_Emocoes.pdf\" target=\"_blank\" style=\"color: rgb(0, 102, 204);\">T\u00cdTULO: As emo\u00e7\u00f5es<\/a><\/span><\/p>\n\n\n\n\n\n\n\n\n<p class=\"has-small-font-size\" style=\"font-size: 13px !important;\"><a href=\"https:\/\/aecg.pt\/led\/wp-content\/uploads\/2025\/09\/2_Adicao_Fracoes_Com_Mathigon.pdf\" target=\"_blank\" rel=\"noreferrer noopener\"><span style=\"font-weight: 700;\"><\/span><\/a><\/p><p class=\"has-small-font-size\" style=\"\"><strong style=\"font-size: small;\">BREVE DESCRI\u00c7\u00c3O:<\/strong><font size=\"2\">&nbsp;<\/font>Pretende-se desafiar os alunos a criar uma coreografia de dan\u00e7a e a programar um rob\u00f4 mBot para dan\u00e7arem em conjunto. Esta atividade combina elementos de express\u00e3o art\u00edstica, programa\u00e7\u00e3o e trabalho em equipa, proporcionando uma experi\u00eancia de aprendizagem l\u00fadica e criativa.<\/p><p class=\"has-small-font-size\" style=\"\">Esta atividade enquadra-se no Objetivo de Desenvolvimento Sustent\u00e1vel n.\u00ba 4 \u201cEduca\u00e7\u00e3o de qualidade\u201d, propondo-se uma abordagem pedag\u00f3gica assente em metodologias de aprendizagem ativa.<\/p>\n<p style=\"font-size: small;\"><strong>DISCIPLINA(S):<\/strong> Introdu\u00e7\u00e3o \u00e0 Rob\u00f3tica interdisciplinar com TIC e Educa\u00e7\u00e3o F\u00edsica<\/p>\n<p style=\"font-size: small;\"><strong>ANO DE ESCOLARIDADE:<\/strong> 7.\u00ba, 8.\u00ba e 9.\u00ba Ano (3.\u00ba Ciclo)<\/p>\n<p style=\"font-size: small;\"><strong>DURA\u00c7\u00c3O:<\/strong> 3 aulas de 50 minutos \u2013 TIC + 4 aulas de 50 minutos \u2013 Educa\u00e7\u00e3o F\u00edsica<\/p>\n<p style=\"font-size: small;\"><span style=\"font-size: 13px !important;\"><span style=\"font-weight: 700;\">AUTORE(S)<\/span>: <\/span>Paulo Torcato &#8211; Agrupamento de Escolas de Portela e Moscavide<\/p>\n\n\n\n\n<p class=\"has-small-font-size\" style=\"font-size: 13px !important;\"><a href=\"https:\/\/aecg.pt\/led\/wp-content\/uploads\/2025\/09\/2_Seguranca_Rodoviaria.pdf\" target=\"_blank\" rel=\"noreferrer noopener\"><span style=\"font-weight: 700;\"><\/span><\/a><\/p><p class=\"has-small-font-size\" style=\"\"><span style=\"font-size: 13px !important;\"><span style=\"font-weight: 700;\">BREVE DESCRI\u00c7\u00c3O<\/span>:&nbsp;<\/span>Os alunos aprendem a identificar e a expressar emo\u00e7\u00f5es numa l\u00edngua estrangeira, recorrendo \u00e0 impress\u00e3o 3D de diferentes <em>emojis<\/em>.<\/p>\n<p style=\"\"><font size=\"2\"><strong>DISCIPLINA(S):<\/strong>&nbsp;L\u00edngua Estrangeira e\/ou interdisciplinar (TIC, \u2026)<\/font><\/p>\n<p style=\"font-size: small;\"><strong>ANO DE ESCOLARIDADE:<\/strong> 9.\u00ba Ano<\/p>\n<p style=\"font-size: small;\"><strong>DURA\u00c7\u00c3O:<\/strong> 5 aulas de 50 minutos<\/p>\n<p style=\"font-size: small;\"><span style=\"font-weight: 700;\">AUTORE(S)<\/span>: Dire\u00e7\u00e3o-Geral da Educa\u00e7\u00e3o\/Equipa de Recursos e Tecnologias Educativas\/Embaixadores dos Laborat\u00f3rios de Aprendizagem<\/p>\n\n\n\n\n\n\n\n\n\n\n<p style=\"text-align: center;\"><strong><a href=\"https:\/\/aecg.pt\/led\/cenarios-de-aprendizagem-1\/\">Anterior<\/a><\/strong><\/p>\n\n\n\n\n<p style=\"text-align: center;\"><strong><a href=\"https:\/\/aecg.pt\/led\/cenarios-de-aprendizagem-3\/\">Seguinte<\/a><\/strong><\/p>\n\n\n\n\n\n\n","protected":false},"excerpt":{"rendered":"","protected":false},"author":1,"featured_media":0,"parent":0,"menu_order":0,"comment_status":"closed","ping_status":"closed","template":"","meta":{"pagelayer_contact_templates":[],"_pagelayer_content":"","footnotes":""},"class_list":["post-986","page","type-page","status-publish","hentry"],"_links":{"self":[{"href":"https:\/\/aecg.pt\/led\/wp-json\/wp\/v2\/pages\/986","targetHints":{"allow":["GET"]}}],"collection":[{"href":"https:\/\/aecg.pt\/led\/wp-json\/wp\/v2\/pages"}],"about":[{"href":"https:\/\/aecg.pt\/led\/wp-json\/wp\/v2\/types\/page"}],"author":[{"embeddable":true,"href":"https:\/\/aecg.pt\/led\/wp-json\/wp\/v2\/users\/1"}],"replies":[{"embeddable":true,"href":"https:\/\/aecg.pt\/led\/wp-json\/wp\/v2\/comments?post=986"}],"version-history":[{"count":15,"href":"https:\/\/aecg.pt\/led\/wp-json\/wp\/v2\/pages\/986\/revisions"}],"predecessor-version":[{"id":1038,"href":"https:\/\/aecg.pt\/led\/wp-json\/wp\/v2\/pages\/986\/revisions\/1038"}],"wp:attachment":[{"href":"https:\/\/aecg.pt\/led\/wp-json\/wp\/v2\/media?parent=986"}],"curies":[{"name":"wp","href":"https:\/\/api.w.org\/{rel}","templated":true}]}}