{"id":556,"date":"2025-05-27T12:22:25","date_gmt":"2025-05-27T12:22:25","guid":{"rendered":"https:\/\/aecg.pt\/led\/?page_id=556"},"modified":"2025-05-27T17:50:35","modified_gmt":"2025-05-27T17:50:35","slug":"equipamentos","status":"publish","type":"page","link":"https:\/\/aecg.pt\/led\/equipamentos\/","title":{"rendered":"Equipamentos"},"content":{"rendered":"\n\n\n\n\n\n\n\n<h2>Equipamento comum<\/h2>\n\n6 computadores port\u00e1teis\n1 impressora 3D\n\n\n\n\n\n\n\n\n\n\n<h2>STEM<\/h2>\n\n6 Kit Robot Explorer\n6 Baterias li-ion de 3,7v com 2500mah\n5 M\u00f3dulos sensores de dete\u00e7\u00e3o de Som\n5 M\u00f3dulos sensores de dete\u00e7\u00e3o de G\u00e1s (MQ-2)\n5 M\u00f3dulos sensores de dete\u00e7\u00e3o de Temperatura e Humidade\n5 M\u00f3dulos sensores de dete\u00e7\u00e3o de Cor\n5 Sensores dete\u00e7\u00e3o de Temperatura, \u00e0 prova de \u00e1gua\n5 Sensores de dete\u00e7\u00e3o de movimento\n5 Sensores de dete\u00e7\u00e3o de luz ambiente\n1 Microsc\u00f3pio did\u00e1tico de laborat\u00f3rio\n1 V\u00eddeo-c\u00e2mara ocular para microsc\u00f3pio\n4 KIT com LaunchPad Board\n4 Kit com robot motorizado\n5 Laborat\u00f3rios Energias Renov\u00e1veis\n\n\n\n\n\n\n\n\n\n\n<h2>Artes e Multim\u00e9dia<\/h2>\n\n1 Kit de ilumina\u00e7\u00e3o para est\u00fadio fotogr\u00e1fico, c\/ 5 fundos coloridos\n1 Mesa de mistura de v\u00eddeo\n1 Placa de captura de v\u00eddeo\n1 Controlador de Streaming\n1 Mesa de mistura de \u00e1udio com 2 colunas\n2 M\u00e1quinas Fotogr\u00e1ficas\n2 Microfones para c\u00e2mara\n1 C\u00e2mara de v\u00eddeo\n1 Equipamento Teleponto\n3 Trip\u00e9s de suporte\n1 Microfone sem fios de lapela\n2 Microfone com fios e trip\u00e9\n1 Gravador de \u00c1udio port\u00e1til\n5 Mesas digitalizadoras\n\n\n\n","protected":false},"excerpt":{"rendered":"","protected":false},"author":1,"featured_media":0,"parent":0,"menu_order":0,"comment_status":"closed","ping_status":"closed","template":"","meta":{"pagelayer_contact_templates":[],"_pagelayer_content":"","footnotes":""},"class_list":["post-556","page","type-page","status-publish","hentry"],"_links":{"self":[{"href":"https:\/\/aecg.pt\/led\/wp-json\/wp\/v2\/pages\/556","targetHints":{"allow":["GET"]}}],"collection":[{"href":"https:\/\/aecg.pt\/led\/wp-json\/wp\/v2\/pages"}],"about":[{"href":"https:\/\/aecg.pt\/led\/wp-json\/wp\/v2\/types\/page"}],"author":[{"embeddable":true,"href":"https:\/\/aecg.pt\/led\/wp-json\/wp\/v2\/users\/1"}],"replies":[{"embeddable":true,"href":"https:\/\/aecg.pt\/led\/wp-json\/wp\/v2\/comments?post=556"}],"version-history":[{"count":18,"href":"https:\/\/aecg.pt\/led\/wp-json\/wp\/v2\/pages\/556\/revisions"}],"predecessor-version":[{"id":621,"href":"https:\/\/aecg.pt\/led\/wp-json\/wp\/v2\/pages\/556\/revisions\/621"}],"wp:attachment":[{"href":"https:\/\/aecg.pt\/led\/wp-json\/wp\/v2\/media?parent=556"}],"curies":[{"name":"wp","href":"https:\/\/api.w.org\/{rel}","templated":true}]}}