{"id":1056,"date":"2025-09-11T23:24:59","date_gmt":"2025-09-11T23:24:59","guid":{"rendered":"https:\/\/aecg.pt\/led\/?page_id=1056"},"modified":"2025-09-11T23:24:59","modified_gmt":"2025-09-11T23:24:59","slug":"cenarios-de-aprendizagem-5","status":"publish","type":"page","link":"https:\/\/aecg.pt\/led\/cenarios-de-aprendizagem-5\/","title":{"rendered":"Cen\u00e1rios de aprendizagem (5)"},"content":{"rendered":"\n\n\n\n\n\n\n\n\n<p><strong style=\"color: rgb(255, 255, 255); font-size: small;\">FICHA PEDAG\u00d3GICA<\/strong><\/p>\n<p><a href=\"https:\/\/aecg.pt\/led\/wp-content\/uploads\/2025\/09\/S_Produtor_Conteudos_Multimedia.pdf\" target=\"_blank\">&nbsp;<span style=\"background-color: rgb(255, 255, 255); font-weight: 700; color: rgb(0, 102, 204);\">T\u00cdTULO: Produtor de Conte\u00fados Multim\u00e9dia<\/span><\/a><\/p>\n\n\n\n\n<p><strong style=\"color: rgb(255, 255, 255); font-size: small;\">FICHA PEDAG\u00d3GICA<\/strong><\/p>\n<p>&nbsp;<a href=\"https:\/\/aecg.pt\/led\/wp-content\/uploads\/2025\/09\/S_Quadrante_Nautico.pdf\" target=\"_blank\" rel=\"noreferrer noopener\" style=\"background-color: rgb(255, 255, 255);\"><span style=\"font-weight: 700; color: rgb(0, 102, 204);\">T\u00cdTULO: Quadrante N\u00e1utico<\/span><\/a><\/p>\n\n\n\n\n\n\n\n\n<p class=\"has-small-font-size\" style=\"font-size: 13px !important;\"><a href=\"https:\/\/aecg.pt\/led\/wp-content\/uploads\/2025\/09\/2_Adicao_Fracoes_Com_Mathigon.pdf\" target=\"_blank\" rel=\"noreferrer noopener\"><span style=\"font-weight: 700;\"><\/span><\/a><\/p><p class=\"has-small-font-size\" style=\"\"><span style=\"font-size: small;\"><strong>BREVE DESCRI\u00c7\u00c3O:<\/strong>&nbsp;<\/span>Os alunos s\u00e3o desafiados a criar entrevistas a figuras hist\u00f3ricas que se tenham destacado na sua \u00e1rea. A escolha destas figuras estar\u00e1 a cargo dos alunos que, em concord\u00e2ncia com os professores das diferentes disciplinas, identificam a personagem hist\u00f3rica a entrevistar. Desta forma, poder\u00e3o ser inclu\u00eddas personagens da Literatura, Artes, Ci\u00eancias, Filosofia, entre outros.<\/p><p class=\"has-small-font-size\">A dissemina\u00e7\u00e3o dessas entrevistas poder\u00e1 ficar a cargo da Biblioteca Escolar atrav\u00e9s de canais espec\u00edficos: site da escola, p\u00e1ginas de redes sociais.<\/p>\n<p style=\"font-size: small;\"><strong>DISCIPLINA(S):<\/strong>&nbsp;Todas as \u00e1reas disciplinares poder\u00e3o ser inclu\u00eddas neste cen\u00e1rio<\/p>\n<p style=\"font-size: small;\"><strong>ANO DE ESCOLARIDADE:<\/strong>&nbsp;Ensino secund\u00e1rio<\/p>\n<p style=\"font-size: small;\"><strong>DURA\u00c7\u00c3O:<\/strong>&nbsp;Ao longo de todo o ano letivo (aprox. 4 aulas de 100 minutos)<\/p>\n<p style=\"font-size: small;\"><span style=\"font-size: 13px !important;\"><span style=\"font-weight: 700;\">AUTORE(S)<\/span>:&nbsp;<\/span>Maria Jos\u00e9 Loureiro, Susana Senos, Centro de Compet\u00eancia em TIC da Universidade de Aveiro<\/p>\n\n\n\n\n<p class=\"has-small-font-size\" style=\"font-size: 13px !important;\"><a href=\"https:\/\/aecg.pt\/led\/wp-content\/uploads\/2025\/09\/2_Adicao_Fracoes_Com_Mathigon.pdf\" target=\"_blank\" rel=\"noreferrer noopener\"><span style=\"font-weight: 700;\"><\/span><\/a><\/p><p class=\"has-small-font-size\" style=\"\"><strong style=\"font-size: small;\">BREVE DESCRI\u00c7\u00c3O:<\/strong><span style=\"font-size: small;\">&nbsp;<\/span>Pretende-se que os alunos construam e imprimam um quadrante n\u00e1utico, explorando os conceitos de \u00e2ngulo orientado e respetiva amplitude no c\u00edrculo trigonom\u00e9trico.<\/p><p class=\"has-small-font-size\">Procura-se estabelecer conex\u00f5es entre os conceitos matem\u00e1ticos e conceitos de topografia, nomeadamente, latitude, longitude, rumo e azimute.<\/p><p class=\"has-small-font-size\">Ser\u00e1 dada a oportunidade aos alunos de investigarem o trabalho do Matem\u00e1tico Pedro Nunes e a sua contribui\u00e7\u00e3o hist\u00f3rica e cient\u00edfica para a navega\u00e7\u00e3o astron\u00f3mica.<\/p>\n<p style=\"font-size: small;\"><strong>DISCIPLINA(S):<\/strong> Matem\u00e1tica e\/ou interdisciplinar (Geografia, Hist\u00f3ria, etc.)<\/p>\n<p style=\"font-size: small;\"><strong>ANO DE ESCOLARIDADE:<\/strong>&nbsp;11.\u00ba ano<\/p>\n<p style=\"font-size: small;\"><strong>DURA\u00c7\u00c3O:<\/strong> 4 aulas de 50 minutos (Matem\u00e1tica) + Trabalho fora da sala de aula: 50 minutos<\/p>\n<p style=\"font-size: small;\"><span style=\"font-size: 13px !important;\"><span style=\"font-weight: 700;\">AUTORE(S)<\/span>:&nbsp;<\/span>Dire\u00e7\u00e3o-Geral da Educa\u00e7\u00e3o\/Equipa de Recursos e Tecnologias Educativas\/Embaixadores dos Laborat\u00f3rios de Aprendizagem<\/p>\n\n\n\n\n\n\n\n\n\n\n\n\n<p><strong style=\"color: rgb(255, 255, 255); font-size: small;\">FICHA PEDAG\u00d3GICA<\/strong><\/p>\n<strong style=\"color: rgb(0, 102, 204);\">&nbsp;<a href=\"https:\/\/aecg.pt\/led\/wp-content\/uploads\/2025\/09\/S_Sintese_de_Proteinas.pdf\" target=\"_blank\" rel=\"noreferrer noopener\" style=\"background-color: rgb(255, 255, 255);\"><span style=\"color: rgb(0, 102, 204);\">T\u00cdTULO: S\u00edntese de prote\u00ednas<\/strong>\n\n\n\n\n<p><strong style=\"color: rgb(255, 255, 255); font-size: small;\">FICHA PEDAG\u00d3GICA<\/strong><\/p>\n<p>&nbsp;<a href=\"https:\/\/aecg.pt\/led\/wp-content\/uploads\/2025\/09\/S_Solidos_Platonicos_Solidos_Arquimedianos.pdf\" target=\"_blank\" rel=\"noreferrer noopener\" style=\"background-color: rgb(255, 255, 255);\"><span style=\"font-weight: 700; color: rgb(0, 102, 204);\">T\u00cdTULO: S\u00f3lidos plat\u00f3nicos e s\u00f3lidos arquimedianos<\/span><\/a><\/p>\n\n\n\n\n\n\n\n\n<p class=\"has-small-font-size\" style=\"font-size: 13px !important;\"><a href=\"https:\/\/aecg.pt\/led\/wp-content\/uploads\/2025\/09\/2_Adicao_Fracoes_Com_Mathigon.pdf\" target=\"_blank\" rel=\"noreferrer noopener\"><span style=\"font-weight: 700;\"><\/span><\/a><\/p><p class=\"has-small-font-size\" style=\"\"><span style=\"font-size: small; font-weight: 700;\">BREVE DESCRI\u00c7\u00c3O:<\/span><font size=\"2\">&nbsp;<\/font>Esta atividade combina pesquisa, aprendizagem pr\u00e1tica e colabora\u00e7\u00e3o em grupo, permitindo que os alunos explorem e compreendam a s\u00edntese de prote\u00ednas.<\/p>\n<p style=\"font-size: small;\"><span style=\"font-weight: 700;\">DISCIPLINA(S):<\/span>&nbsp;Biologia e Geologia<\/p>\n<p style=\"font-size: small;\"><span style=\"font-weight: 700;\">ANO DE ESCOLARIDADE:<\/span>&nbsp;11-\u00ba Ano<\/p>\n<p style=\"font-size: small;\"><span style=\"font-weight: 700;\">DURA\u00c7\u00c3O:<\/span>&nbsp;5 aulas de 50 minutos (Biologia e Geologia)<\/p>\n<p style=\"font-size: small;\"><span style=\"font-weight: 700;\">AUTORE(S)<\/span>: Dire\u00e7\u00e3o-Geral da Educa\u00e7\u00e3o\/Equipa de Recursos e Tecnologias Educativas\/Embaixadores dos Laborat\u00f3rios de Aprendizagem<\/p>\n\n\n\n\n<p class=\"has-small-font-size\" style=\"font-size: 13px !important;\"><a href=\"https:\/\/aecg.pt\/led\/wp-content\/uploads\/2025\/09\/2_Adicao_Fracoes_Com_Mathigon.pdf\" target=\"_blank\" rel=\"noreferrer noopener\"><span style=\"font-weight: 700;\"><\/span><\/a><\/p><p class=\"has-small-font-size\" style=\"font-size: small;\"><strong>BREVE DESCRI\u00c7\u00c3O:<\/strong> Os alunos elaboram um trabalho de projeto (formula\u00e7\u00e3o de um problema, planifica\u00e7\u00e3o, realiza\u00e7\u00e3o de pesquisas, recolha de informa\u00e7\u00f5es e dados, an\u00e1lise e interpreta\u00e7\u00e3o de resultados e conclus\u00f5es) sobre a tem\u00e1tica dos \u201cs\u00f3lidos plat\u00f3nicos\u201d e \u201cs\u00f3lidos arquimedianos\u201d, com base nos modelos impressos em 3D.<\/p>\n<p style=\"font-size: small;\"><strong>DISCIPLINA(S):<\/strong> Matem\u00e1tica<\/p>\n<p style=\"font-size: small;\"><span style=\"font-weight: 700;\">ANO DE ESCOLARIDADE<\/span>: 10.\u00ba Ano<\/p>\n<p style=\"font-size: small;\"><strong>DURA\u00c7\u00c3O<\/strong>: 5 aulas de 50 minutos (Matem\u00e1tica) + Trabalho fora da sala de aula: 50 minutos<\/p>\n<p style=\"font-size: small;\"><span style=\"font-weight: 700;\">AUTORE(S)<\/span>: Dire\u00e7\u00e3o-Geral da Educa\u00e7\u00e3o\/Equipa de Recursos e Tecnologias Educativas\/Embaixadores dos Laborat\u00f3rios de Aprendizagem<\/p>\n\n\n\n\n\n\n\n\n\n\n\n\n<p><strong style=\"color: rgb(255, 255, 255); font-size: small;\">FICHA PEDAG\u00d3GICA<\/strong><\/p>\n<p style=\"color: rgb(0, 0, 0);\">&nbsp;<a href=\"https:\/\/aecg.pt\/led\/wp-content\/uploads\/2025\/09\/S_Trigonometria_num_Filme.pdf\" target=\"_blank\" rel=\"noreferrer noopener\" style=\"background-color: rgb(255, 255, 255);\"><span style=\"font-weight: 700; color: rgb(0, 102, 204);\">T\u00cdTULO: A Trigonometria num filme<\/span><\/a><\/p>\n\n\n\n\n<p><strong style=\"color: rgb(255, 255, 255); font-size: small;\">FICHA PEDAG\u00d3GICA<\/strong><\/p>\n<p><span style=\"font-weight: 700; background-color: rgb(255, 255, 255);\">&nbsp;<a href=\"https:\/\/aecg.pt\/led\/wp-content\/uploads\/2025\/09\/S_Turismo_Sustentavel.pdf\" target=\"_blank\" style=\"color: rgb(0, 102, 204);\">T\u00cdTULO: Turismo Sustent\u00e1vel<\/a><\/span><\/p>\n\n\n\n\n\n\n\n\n<p class=\"has-small-font-size\" style=\"font-size: 13px !important;\"><a href=\"https:\/\/aecg.pt\/led\/wp-content\/uploads\/2025\/09\/2_Adicao_Fracoes_Com_Mathigon.pdf\" target=\"_blank\" rel=\"noreferrer noopener\"><span style=\"font-weight: 700;\"><\/span><\/a><\/p><p class=\"has-small-font-size\" style=\"\"><strong style=\"font-size: small;\">BREVE DESCRI\u00c7\u00c3O:<\/strong><font size=\"2\">&nbsp;<\/font>Os alunos realizam um pequeno v\u00eddeo que relaciona a aplica\u00e7\u00e3o do conte\u00fado de \u201cTrigonometria\u201d a situa\u00e7\u00f5es concretas de v\u00e1rias \u00e1reas do saber: da Matem\u00e1tica, da Astronomia, da Geografia, da F\u00edsica, entre outras. O v\u00eddeo pretende sensibilizar os alunos para a import\u00e2ncia da Trigonometria.<\/p>\n<p style=\"font-size: small;\"><strong>DISCIPLINA(S):<\/strong> Matem\u00e1tica e\/ou outras \u00e1reas disciplinares<\/p>\n<p style=\"font-size: small;\"><strong>ANO DE ESCOLARIDADE:<\/strong>&nbsp;11.\u00ba Ano<\/p>\n<p style=\"font-size: small;\"><strong>DURA\u00c7\u00c3O:<\/strong> 3 aulas de 100 minutos (Matem\u00e1tica) + Trabalho fora da sala de aula: 150 minutos<\/p>\n<p style=\"font-size: small;\"><span style=\"font-size: 13px !important;\"><span style=\"font-weight: 700;\">AUTORE(S)<\/span>:&nbsp;<\/span>Dire\u00e7\u00e3o-Geral da Educa\u00e7\u00e3o\/Equipa de Recursos e Tecnologias Educativas\/Embaixadores dos Laborat\u00f3rios de Aprendizagem<\/p>\n\n\n\n\n<p class=\"has-small-font-size\" style=\"font-size: 13px !important;\"><a href=\"https:\/\/aecg.pt\/led\/wp-content\/uploads\/2025\/09\/2_Seguranca_Rodoviaria.pdf\" target=\"_blank\" rel=\"noreferrer noopener\"><span style=\"font-weight: 700;\"><\/span><\/a><\/p><p class=\"has-small-font-size\" style=\"\"><span style=\"font-size: 13px !important;\"><span style=\"font-weight: 700;\">BREVE DESCRI\u00c7\u00c3O<\/span>:&nbsp;<\/span>Pretende-se que os alunos promovam uma campanha de sensibiliza\u00e7\u00e3o sobre a import\u00e2ncia de um turismo sustent\u00e1vel na sua regi\u00e3o, considerando um uso adequado dos recursos ambientais, o respeito e a autenticidade sociocultural das comunidades.<\/p>\n<p style=\"\"><font size=\"2\"><strong>DISCIPLINA(S):<\/strong>&nbsp;<\/font><span style=\"font-size: small;\">Cidadania e Desenvolvimento<\/span><\/p>\n<p style=\"font-size: small;\"><strong>ANO DE ESCOLARIDADE:<\/strong>&nbsp;Ensino Secund\u00e1rio<\/p>\n<p style=\"font-size: small;\"><strong>DURA\u00c7\u00c3O:<\/strong> 3 aulas de 100 minutos + 100 minutos fora da sala de aula<\/p>\n<p style=\"font-size: small;\"><span style=\"font-weight: 700;\">AUTORE(S)<\/span>: Dire\u00e7\u00e3o-Geral da Educa\u00e7\u00e3o\/Equipa de Recursos e Tecnologias Educativas\/Embaixadores dos Laborat\u00f3rios de Aprendizagem<\/p>\n\n\n\n\n\n\n\n\n\n\n<p style=\"text-align: center;\"><strong><a href=\"https:\/\/aecg.pt\/led\/cenarios-de-aprendizagem-4\/\">Anterior<\/a><\/strong><\/p>\n\n\n\n\n<p style=\"text-align: center;\"><br><\/p>\n\n\n\n\n\n\n","protected":false},"excerpt":{"rendered":"","protected":false},"author":1,"featured_media":0,"parent":0,"menu_order":0,"comment_status":"closed","ping_status":"closed","template":"","meta":{"pagelayer_contact_templates":[],"_pagelayer_content":"","footnotes":""},"class_list":["post-1056","page","type-page","status-publish","hentry"],"_links":{"self":[{"href":"https:\/\/aecg.pt\/led\/wp-json\/wp\/v2\/pages\/1056","targetHints":{"allow":["GET"]}}],"collection":[{"href":"https:\/\/aecg.pt\/led\/wp-json\/wp\/v2\/pages"}],"about":[{"href":"https:\/\/aecg.pt\/led\/wp-json\/wp\/v2\/types\/page"}],"author":[{"embeddable":true,"href":"https:\/\/aecg.pt\/led\/wp-json\/wp\/v2\/users\/1"}],"replies":[{"embeddable":true,"href":"https:\/\/aecg.pt\/led\/wp-json\/wp\/v2\/comments?post=1056"}],"version-history":[{"count":16,"href":"https:\/\/aecg.pt\/led\/wp-json\/wp\/v2\/pages\/1056\/revisions"}],"predecessor-version":[{"id":1072,"href":"https:\/\/aecg.pt\/led\/wp-json\/wp\/v2\/pages\/1056\/revisions\/1072"}],"wp:attachment":[{"href":"https:\/\/aecg.pt\/led\/wp-json\/wp\/v2\/media?parent=1056"}],"curies":[{"name":"wp","href":"https:\/\/api.w.org\/{rel}","templated":true}]}}