{"id":207,"date":"2023-10-24T03:47:46","date_gmt":"2023-10-24T02:47:46","guid":{"rendered":"https:\/\/aecg.pt\/erasmusmais\/?page_id=207"},"modified":"2023-11-12T19:50:59","modified_gmt":"2023-11-12T18:50:59","slug":"objetivos","status":"publish","type":"page","link":"https:\/\/aecg.pt\/erasmusmais\/objetivos\/","title":{"rendered":"Objetivos"},"content":{"rendered":"\n<p><\/p>\n\n\n\n<p class=\"has-text-align-justify\"><strong>Objetivo 1: Desenvolver metodologias ativas e inovadoras aumentando em 5% o n\u00famero de professores em mobilidade, em cada ano de implementa\u00e7\u00e3o do projeto.<\/strong><\/p>\n\n\n\n<p class=\"has-text-align-justify\">Na perspetiva de desenvolver m\u00e9todos de ensino inovadores e o uso de novas tecnologias, em ambientes de aprendizagem diversificados e significativos, com vista ao desenvolvimento das aprendizagens ess\u00eancias e das compet\u00eancias do s\u00e9c. XXI, alinhadas com o perfil dos alunos \u00e0 sa\u00edda da escolaridade, iremos promover mobilidades dos docentes. Como follow up das mobilidades, os professores implementar\u00e3o 1 projeto de metodologias ativas, em cada um dos ciclos (1\u00ba, 2\u00ba e 3\u00ba ciclo), anualmente, at\u00e9 2027, atrav\u00e9s de: promo\u00e7\u00e3o de atividades de ensino fora da sala de aula (museus, teatros, bibliotecas, galerias, espa\u00e7os p\u00fablicos e espa\u00e7os exteriores); sala de aula invertida; utiliza\u00e7\u00e3o de RED; Blending learning em espa\u00e7os colaborativos; trabalho de projeto (STEAM, IBL, dom\u00ednio de autonomia curricular DAC). Promover a mobilidade dos docentes, participando em cursos estruturados de capacita\u00e7\u00e3o profissional e jobshadowing para observa\u00e7\u00e3o de metodologias ativas e diferenciadas em contextos reais.<\/p>\n\n\n\n<p class=\"has-text-align-justify\"><strong>Objetivo 2: Alargar a rede colaborativa por, pelos menos, uma nova parceria, em cada ano de vig\u00eancia do plano.<\/strong><\/p>\n\n\n\n<p class=\"has-text-align-justify\">Alinhado com a nossa vis\u00e3o estrat\u00e9gica, pretendemos alargar a nossa rede colaborativa, onde o professor \u00e9 o facilitador principal, em cocria\u00e7\u00e3o de ambientes de aprendizagem, com a comunidade educativa, com especialistas externos, com a sociedade civil, com institui\u00e7\u00f5es\/organiza\u00e7\u00f5es nacionais e internacionais.<\/p>\n\n\n\n<p class=\"has-text-align-justify\"><strong>Objetivo 3: Envolver 5% dos alunos do 9\u00ba ano e 10% dos alunos do ensino secund\u00e1rio, anualmente, em mobilidades para promover a motiva\u00e7\u00e3o e o sucesso educativo.<\/strong><\/p>\n\n\n\n<p class=\"has-text-align-justify\">Promover a motiva\u00e7\u00e3o e o sucesso escolar dos nossos alunos atrav\u00e9s da participa\u00e7\u00e3o no programa ERASMUS +, desenvolvendo a sensibiliza\u00e7\u00e3o para interculturalidade e para uma consci\u00eancia dos valores da Uni\u00e3o Europeia. Iremos priorizar a participa\u00e7\u00e3o dos alunos em mobilidades de longa dura\u00e7\u00e3o (por exemplo, 1 semana) em contexto educativo, assim como procurar a integra\u00e7\u00e3o de alunos com menos oportunidades (alunos dos escal\u00f5es A e B da a\u00e7\u00e3o social escolar, das necessidades educativas especiais) nas mobilidades.<\/p>\n\n\n\n<p class=\"has-text-align-justify\">Na sele\u00e7\u00e3o dos candidatos iremos equacionar, n\u00e3o s\u00f3 os alunos com menos oportunidades, como anteriormente referido, mas tamb\u00e9m aqueles que se destacam pelo seu m\u00e9rito (acad\u00e9mico, desportivo, valores e cidadania) e que muitas vezes n\u00e3o beneficiam de um plano espec\u00edfico de desenvolvimento.<\/p>\n\n\n\n<p class=\"has-text-align-justify\"><strong>Objetivo 4: Melhorar o ensino das l\u00ednguas e a diversidade lingu\u00edstica nas escolas, atrav\u00e9s da mobilidade de docentes, discentes e pessoal administrativo e auxiliar, no m\u00ednimo de 2 por ano de vig\u00eancia do contrato<\/strong><\/p>\n\n\n\n<p class=\"has-text-align-justify\">Dar oportunidade a todos os professores de l\u00ednguas estrangeiras (ING, FR e ESP) de participarem num curso de profici\u00eancia lingu\u00edstica, ao longo da vig\u00eancia, com o intuito da valoriza\u00e7\u00e3o profissional e consequente melhoria do sucesso educativo dos alunos.<\/p>\n\n\n\n<p class=\"has-text-align-justify\">Dar oportunidade na prepara\u00e7\u00e3o lingu\u00edstica dos docentes que nunca participaram nos projetos, por n\u00e3o conseguirem comunicar noutra l\u00edngua, para que possam vir a integrar as mobilidades. Capacitar o Pessoal N\u00e3o Docente em forma\u00e7\u00e3o em l\u00ednguas estrangeiras devido ao n.\u00ba crescente de alunos migrantes e refugiados n\u00e3o falantes de l\u00edngua portuguesa, organizando mobilidades virtuais e\/ou atrav\u00e9s da frequ\u00eancia de cursos a dist\u00e2ncia e\/ou acompanhando os alunos nas mobilidades.<\/p>\n\n\n\n<p class=\"has-text-align-justify\">Dar oportunidade aos alunos de frequentarem cursos de f\u00e9rias escolares, de profici\u00eancia linguista, atrav\u00e9s de parcerias ou protocolos estabelecidos com as redes parceiras.<\/p>\n","protected":false},"excerpt":{"rendered":"<p>Objetivo 1: Desenvolver metodologias ativas e inovadoras aumentando em 5% o n\u00famero de professores em mobilidade, em cada ano de implementa\u00e7\u00e3o do projeto. Na perspetiva de desenvolver m\u00e9todos de ensino inovadores e o uso de novas tecnologias, em ambientes de aprendizagem diversificados e significativos, com vista ao desenvolvimento das aprendizagens ess\u00eancias e das compet\u00eancias do [&hellip;]<\/p>\n","protected":false},"author":1,"featured_media":0,"parent":0,"menu_order":0,"comment_status":"closed","ping_status":"closed","template":"","meta":{"_editorskit_title_hidden":false,"_editorskit_reading_time":0,"_editorskit_is_block_options_detached":false,"_editorskit_block_options_position":"{}","_monsterinsights_skip_tracking":false,"_monsterinsights_sitenote_active":false,"_monsterinsights_sitenote_note":"","_monsterinsights_sitenote_category":0,"_uf_show_specific_survey":0,"_uf_disable_surveys":false,"footnotes":""},"class_list":["post-207","page","type-page","status-publish","hentry"],"_links":{"self":[{"href":"https:\/\/aecg.pt\/erasmusmais\/wp-json\/wp\/v2\/pages\/207","targetHints":{"allow":["GET"]}}],"collection":[{"href":"https:\/\/aecg.pt\/erasmusmais\/wp-json\/wp\/v2\/pages"}],"about":[{"href":"https:\/\/aecg.pt\/erasmusmais\/wp-json\/wp\/v2\/types\/page"}],"author":[{"embeddable":true,"href":"https:\/\/aecg.pt\/erasmusmais\/wp-json\/wp\/v2\/users\/1"}],"replies":[{"embeddable":true,"href":"https:\/\/aecg.pt\/erasmusmais\/wp-json\/wp\/v2\/comments?post=207"}],"version-history":[{"count":9,"href":"https:\/\/aecg.pt\/erasmusmais\/wp-json\/wp\/v2\/pages\/207\/revisions"}],"predecessor-version":[{"id":398,"href":"https:\/\/aecg.pt\/erasmusmais\/wp-json\/wp\/v2\/pages\/207\/revisions\/398"}],"wp:attachment":[{"href":"https:\/\/aecg.pt\/erasmusmais\/wp-json\/wp\/v2\/media?parent=207"}],"curies":[{"name":"wp","href":"https:\/\/api.w.org\/{rel}","templated":true}]}}